{"id":12,"date":"2020-12-17T18:02:29","date_gmt":"2020-12-17T18:02:29","guid":{"rendered":"https:\/\/fortea.ddns.net\/wordpress\/?page_id=12"},"modified":"2025-10-02T09:37:06","modified_gmt":"2025-10-02T08:37:06","slug":"deep-english","status":"publish","type":"page","link":"https:\/\/deepenglish.ddns.net\/wordpress\/","title":{"rendered":"Deep English"},"content":{"rendered":"\n<div style=\"height:33px\" aria-hidden=\"true\" class=\"wp-block-spacer\"><\/div>\n\n\n\n<div style=\"height:33px\" aria-hidden=\"true\" class=\"wp-block-spacer\"><\/div>\n\n\n\n<div class=\"wp-block-uagb-tabs uagb-block-f93704d9 uagb-tabs__wrap uagb-tabs__hstyle1-desktop uagb-tabs__vstyle6-tablet uagb-tabs__vstyle6-mobile\" data-tab-active=\"0\"><ul class=\"uagb-tabs__panel uagb-tabs__align-left\" role=\"tablist\"><li class=\"uagb-tab uagb-tabs__active\" role=\"none\"><a href=\"#uagb-tabs__tab0\" class=\"uagb-tabs-list uagb-tabs__icon-position-left\" data-tab=\"0\" role=\"tab\">CEIP FERN\u00c1NDEZ MORAT\u00cdN<\/a><\/li><li class=\"uagb-tab \" role=\"none\"><a href=\"#uagb-tabs__tab1\" class=\"uagb-tabs-list uagb-tabs__icon-position-left\" data-tab=\"1\" role=\"tab\">IES ORTEGA Y GASSET<\/a><\/li><li class=\"uagb-tab \" role=\"none\"><a href=\"#uagb-tabs__tab2\" class=\"uagb-tabs-list uagb-tabs__icon-position-left\" data-tab=\"2\" role=\"tab\">IES GR\u00c1N CAPIT\u00c1N<\/a><\/li><li class=\"uagb-tab \" role=\"none\"><a href=\"#uagb-tabs__tab3\" class=\"uagb-tabs-list uagb-tabs__icon-position-left\" data-tab=\"3\" role=\"tab\">IES CARDENAL CISNEROS<\/a><\/li><\/ul><div class=\"uagb-tabs__body-wrap\">\n<div class=\"wp-block-uagb-tabs-child uagb-tabs__body-container uagb-inner-tab-0 uagb-tabs__inner-tab\" aria-labelledby=\"uagb-tabs__tab0\">\n<figure class=\"wp-block-gallery has-nested-images columns-default is-cropped\">\n<figure class=\"wp-block-image size-large\"><a href=\"https:\/\/deepenglish.ddns.net\/wordpress\/index.php\/enroll\/\" target=\"_blank\" rel=\"noopener\"><img loading=\"lazy\" width=\"1024\" height=\"1024\" src=\"https:\/\/deepenglish.ddns.net\/wordpress\/wp-content\/uploads\/2023\/08\/1WhatsApp-Image-2022-09-07-at-14.39.19-1024x1024.jpeg\" alt=\"\" class=\"wp-image-1528\" srcset=\"https:\/\/deepenglish.ddns.net\/wordpress\/wp-content\/uploads\/2023\/08\/1WhatsApp-Image-2022-09-07-at-14.39.19-1024x1024.jpeg 1024w, https:\/\/deepenglish.ddns.net\/wordpress\/wp-content\/uploads\/2023\/08\/1WhatsApp-Image-2022-09-07-at-14.39.19-300x300.jpeg 300w, https:\/\/deepenglish.ddns.net\/wordpress\/wp-content\/uploads\/2023\/08\/1WhatsApp-Image-2022-09-07-at-14.39.19-150x150.jpeg 150w, https:\/\/deepenglish.ddns.net\/wordpress\/wp-content\/uploads\/2023\/08\/1WhatsApp-Image-2022-09-07-at-14.39.19-768x768.jpeg 768w, https:\/\/deepenglish.ddns.net\/wordpress\/wp-content\/uploads\/2023\/08\/1WhatsApp-Image-2022-09-07-at-14.39.19-1536x1536.jpeg 1536w, https:\/\/deepenglish.ddns.net\/wordpress\/wp-content\/uploads\/2023\/08\/1WhatsApp-Image-2022-09-07-at-14.39.19.jpeg 1600w\" sizes=\"(max-width: 1024px) 100vw, 1024px\" \/><\/a><\/figure>\n\n\n\n<figure class=\"wp-block-image size-large\"><a href=\"https:\/\/deepenglish.ddns.net\/wordpress\/index.php\/enroll\/\" target=\"_blank\" rel=\"noopener\"><img loading=\"lazy\" width=\"1024\" height=\"1024\" src=\"https:\/\/deepenglish.ddns.net\/wordpress\/wp-content\/uploads\/2023\/08\/1WhatsApp-Image-2022-09-07-at-14.39.28-1024x1024.jpeg\" alt=\"\" class=\"wp-image-1529\" srcset=\"https:\/\/deepenglish.ddns.net\/wordpress\/wp-content\/uploads\/2023\/08\/1WhatsApp-Image-2022-09-07-at-14.39.28-1024x1024.jpeg 1024w, https:\/\/deepenglish.ddns.net\/wordpress\/wp-content\/uploads\/2023\/08\/1WhatsApp-Image-2022-09-07-at-14.39.28-300x300.jpeg 300w, https:\/\/deepenglish.ddns.net\/wordpress\/wp-content\/uploads\/2023\/08\/1WhatsApp-Image-2022-09-07-at-14.39.28-150x150.jpeg 150w, https:\/\/deepenglish.ddns.net\/wordpress\/wp-content\/uploads\/2023\/08\/1WhatsApp-Image-2022-09-07-at-14.39.28-768x768.jpeg 768w, https:\/\/deepenglish.ddns.net\/wordpress\/wp-content\/uploads\/2023\/08\/1WhatsApp-Image-2022-09-07-at-14.39.28-1536x1536.jpeg 1536w, https:\/\/deepenglish.ddns.net\/wordpress\/wp-content\/uploads\/2023\/08\/1WhatsApp-Image-2022-09-07-at-14.39.28.jpeg 1600w\" sizes=\"(max-width: 1024px) 100vw, 1024px\" \/><\/a><\/figure>\n<\/figure>\n\n\n\n<div class=\"wp-container-1 wp-block-buttons alignwide\">\n<div class=\"wp-block-button aligncenter\"><a class=\"wp-block-button__link\" href=\"https:\/\/deepenglish.ddns.net\/wordpress\/index.php\/enroll\/\">Inscripci\u00f3n<\/a><\/div>\n<\/div>\n<\/div>\n\n\n\n<div class=\"wp-block-uagb-tabs-child uagb-tabs__body-container uagb-inner-tab-1\" aria-labelledby=\"uagb-tabs__tab1\">\n<div class=\"wp-block-image\"><figure class=\"aligncenter size-large\"><img loading=\"lazy\" width=\"724\" height=\"1024\" src=\"https:\/\/deepenglish.ddns.net\/wordpress\/wp-content\/uploads\/2025\/10\/Anuncio-Gasset-724x1024.jpg\" alt=\"\" class=\"wp-image-1736\" srcset=\"https:\/\/deepenglish.ddns.net\/wordpress\/wp-content\/uploads\/2025\/10\/Anuncio-Gasset-724x1024.jpg 724w, https:\/\/deepenglish.ddns.net\/wordpress\/wp-content\/uploads\/2025\/10\/Anuncio-Gasset-212x300.jpg 212w, https:\/\/deepenglish.ddns.net\/wordpress\/wp-content\/uploads\/2025\/10\/Anuncio-Gasset-768x1086.jpg 768w, https:\/\/deepenglish.ddns.net\/wordpress\/wp-content\/uploads\/2025\/10\/Anuncio-Gasset-1086x1536.jpg 1086w, https:\/\/deepenglish.ddns.net\/wordpress\/wp-content\/uploads\/2025\/10\/Anuncio-Gasset.jpg 1240w\" sizes=\"(max-width: 724px) 100vw, 724px\" \/><\/figure><\/div>\n<\/div>\n\n\n\n<div class=\"wp-block-uagb-tabs-child uagb-tabs__body-container uagb-inner-tab-2 uagb-tabs__inner-tab uagb-inner-tab-1\" aria-labelledby=\"uagb-tabs__tab2\">\n<p>PROXIMAMENTE<\/p>\n<\/div>\n\n\n\n<div class=\"wp-block-uagb-tabs-child uagb-tabs__body-container uagb-inner-tab-3 uagb-tabs__inner-tab uagb-inner-tab-2\" aria-labelledby=\"uagb-tabs__tab3\">\n<div class=\"wp-block-uagb-image aligncenter uagb-block-9c5e0566 wp-block-uagb-image--layout-default wp-block-uagb-image--effect-static wp-block-uagb-image--align-center\"><figure class=\"wp-block-uagb-image__figure\"><img srcset=\"https:\/\/deepenglish.ddns.net\/wordpress\/wp-content\/uploads\/2025\/09\/Anuncio-Cisneros-724x1024.jpg \" src=\"https:\/\/deepenglish.ddns.net\/wordpress\/wp-content\/uploads\/2025\/09\/Anuncio-Cisneros-724x1024.jpg\" alt=\"\" class=\"uag-image-1726\" width=\"\" height=\"\" title=\"\" loading=\"lazy\"\/><\/figure><\/div>\n<\/div>\n\n\n\n<div class=\"wp-block-uagb-tabs-child uagb-tabs__body-container uagb-inner-tab-4 uagb-tabs__inner-tab uagb-inner-tab-3\" aria-labelledby=\"uagb-tabs__tab4\">\n<p>Lorem ipsum dolor sit amet, consectetur adipiscing elit. Ut elit tellus, luctus nec ullamcorper mattis, pulvinar dapibus leo.<\/p>\n<\/div>\n\n\n\n<div class=\"wp-block-uagb-tabs-child uagb-tabs__body-container uagb-inner-tab-5 uagb-tabs__inner-tab uagb-inner-tab-4\" aria-labelledby=\"uagb-tabs__tab5\">\n<figure class=\"wp-block-gallery has-nested-images columns-default is-cropped\">\n<figure class=\"wp-block-image size-large\"><img loading=\"lazy\" width=\"600\" height=\"600\" src=\"https:\/\/deepenglish.ddns.net\/wordpress\/wp-content\/uploads\/2022\/09\/PastedGraphic-2.jpg\" alt=\"\" class=\"wp-image-1451\" srcset=\"https:\/\/deepenglish.ddns.net\/wordpress\/wp-content\/uploads\/2022\/09\/PastedGraphic-2.jpg 600w, https:\/\/deepenglish.ddns.net\/wordpress\/wp-content\/uploads\/2022\/09\/PastedGraphic-2-300x300.jpg 300w, https:\/\/deepenglish.ddns.net\/wordpress\/wp-content\/uploads\/2022\/09\/PastedGraphic-2-150x150.jpg 150w\" sizes=\"(max-width: 600px) 100vw, 600px\" \/><\/figure>\n\n\n\n<figure class=\"wp-block-image size-large\"><img loading=\"lazy\" width=\"600\" height=\"600\" src=\"https:\/\/deepenglish.ddns.net\/wordpress\/wp-content\/uploads\/2022\/09\/PastedGraphic-1.jpg\" alt=\"\" class=\"wp-image-1448\" srcset=\"https:\/\/deepenglish.ddns.net\/wordpress\/wp-content\/uploads\/2022\/09\/PastedGraphic-1.jpg 600w, https:\/\/deepenglish.ddns.net\/wordpress\/wp-content\/uploads\/2022\/09\/PastedGraphic-1-300x300.jpg 300w, https:\/\/deepenglish.ddns.net\/wordpress\/wp-content\/uploads\/2022\/09\/PastedGraphic-1-150x150.jpg 150w\" sizes=\"(max-width: 600px) 100vw, 600px\" \/><\/figure>\n<\/figure>\n<\/div>\n\n\n\n<div class=\"wp-block-uagb-tabs-child uagb-tabs__body-container uagb-inner-tab-6 uagb-tabs__inner-tab uagb-inner-tab-5\" aria-labelledby=\"uagb-tabs__tab6\">\n<p><\/p>\n<\/div>\n\n\n\n<div class=\"wp-block-uagb-tabs-child uagb-tabs__body-container uagb-inner-tab-7 uagb-tabs__inner-tab uagb-inner-tab-6\" aria-labelledby=\"uagb-tabs__tab7\">\n<p><\/p>\n<\/div>\n\n\n\n<div class=\"wp-block-uagb-tabs-child uagb-tabs__body-container uagb-inner-tab-8 uagb-tabs__inner-tab uagb-inner-tab-7\" aria-labelledby=\"uagb-tabs__tab8\">\n<p><\/p>\n<\/div>\n\n\n\n<div class=\"wp-block-uagb-tabs-child uagb-tabs__body-container uagb-inner-tab-9 uagb-tabs__inner-tab uagb-inner-tab-8\" aria-labelledby=\"uagb-tabs__tab9\">\n<p><\/p>\n<\/div>\n\n\n\n<div class=\"wp-block-uagb-tabs-child uagb-tabs__body-container uagb-inner-tab-10 uagb-tabs__inner-tab uagb-inner-tab-9\" aria-labelledby=\"uagb-tabs__tab10\">\n<p><\/p>\n<\/div>\n\n\n\n<div class=\"wp-block-uagb-tabs-child uagb-tabs__body-container uagb-inner-tab-11 uagb-tabs__inner-tab uagb-inner-tab-10\" aria-labelledby=\"uagb-tabs__tab11\">\n<p><\/p>\n<\/div>\n\n\n\n<div class=\"wp-block-uagb-tabs-child uagb-tabs__body-container uagb-inner-tab-12 uagb-tabs__inner-tab uagb-inner-tab-11\" aria-labelledby=\"uagb-tabs__tab12\">\n<p>Lorem ipsum dolor sit amet, consectetur adipiscing elit. Ut elit tellus, luctus nec ullamcorper mattis, pulvinar dapibus leo.<\/p>\n<\/div>\n<\/div><\/div>\n\n\n\n<div class=\"wp-block-image\"><figure class=\"aligncenter size-large is-resized\"><img loading=\"lazy\" src=\"https:\/\/fortea.ddns.net\/wordpress\/wp-content\/uploads\/2021\/04\/onlyhead.png\" alt=\"\" class=\"wp-image-749\" width=\"64\" height=\"64\" srcset=\"https:\/\/deepenglish.ddns.net\/wordpress\/wp-content\/uploads\/2021\/04\/onlyhead.png 520w, https:\/\/deepenglish.ddns.net\/wordpress\/wp-content\/uploads\/2021\/04\/onlyhead-300x300.png 300w, https:\/\/deepenglish.ddns.net\/wordpress\/wp-content\/uploads\/2021\/04\/onlyhead-100x100.png 100w, https:\/\/deepenglish.ddns.net\/wordpress\/wp-content\/uploads\/2021\/04\/onlyhead-150x150.png 150w\" sizes=\"(max-width: 64px) 100vw, 64px\" \/><\/figure><\/div>\n\n\n\n<div style=\"height:42px\" aria-hidden=\"true\" class=\"wp-block-spacer\"><\/div>\n\n\n\n<div class=\"wp-block-columns\">\n<div class=\"wp-block-column\">\n<p class=\"has-text-color\" style=\"color:#0b2444\"><strong>NUESTRAS PRIORIDADES<\/strong><\/p>\n\n\n\n<p>En primer lugar un trato cercano entre alumno, padre y profesor.<\/p>\n\n\n\n<p class=\"has-text-color\" style=\"color:#0b2444\">\u200b<strong>COMUNICARNOS EN INGL\u00c9S<\/strong><\/p>\n\n\n\n<p>Ense\u00f1arles a comunicarse en ingl\u00e9s utilizando herramientas imprescindibles y muy eficaces como el teatro ya que simulan una interacci\u00f3n y les pone en situaciones reales de las cuales, a su vez, se nutren a nivel personal. Tambi\u00e9n tienen que dar charlas en clase y buscamos que progresivamente hablen entre ellos en ingl\u00e9s durante la clase.<\/p>\n\n\n\n<p class=\"has-text-color\" style=\"color:#0b2444\"><strong>FON\u00c9TICA <\/strong><\/p>\n\n\n\n<p>Aprender\u00e1n la teor\u00eda de la pronunciaci\u00f3n para ponerla en pr\u00e1ctica al leer, escuchar, comprender y hablar ingl\u00e9s. Imprescindible para poder entender al escuchar y que te entiendan. al hablar.<\/p>\n<\/div>\n\n\n\n<div class=\"wp-block-column\">\n<p class=\"has-text-color\" style=\"color:#0b2444\"><strong>VOCABULARIO<\/strong><\/p>\n\n\n\n<p>Nos centramos mucho en ampliar su vocabulario siempre dentro de un contexto para que no sea memorizar para el examen y olvidar al d\u00eda siguiente. El contexto var\u00eda y se complementa entre una serie televisiva, la lectura o la obra de teatro que estemos trabajando en ese momento. El uso de su cuaderno de vocabulario es imprescindible a lo largo del a\u00f1o. Sin palabras no hay lenguaje.<\/p>\n\n\n\n<p class=\"has-text-color\" style=\"color:#0b2444\"><strong>GRAM\u00c1TICA<\/strong><\/p>\n\n\n\n<p>La gram\u00e1tica al igual que el vocabulario se estudia dentro del contexto de la serie, libro o obra de teatro analizando las partes de la oraci\u00f3n, la morfolog\u00eda de las palabras, las conjugaciones de los verbos y como la uni\u00f3n y el orden de todos estos elementos que conforman otro idioma que nada tiene que ver con el castellano.<\/p>\n<\/div>\n\n\n\n<div class=\"wp-block-column\">\n<p class=\"has-text-color\" style=\"color:#0b2444\"><strong>H\u00c1BITOS<\/strong><\/p>\n\n\n\n<p class=\"popmake-618\">Es imprescindible crear el h\u00e1bito de escuchar ingl\u00e9s en casa. Para ello les asignamos la serie en forma de deberes como primer ejercicio que ellos mismos de forma aut\u00f3noma deben ampliar, buscando y escuchando en ingl\u00e9s todo aquello que les apasione. Con ello los alumnos aumentan las horas de contacto con el idioma de una manera exponencial y a lo largo del tiempo mejoran de manera muy notoria su vocabulario, comprensi\u00f3n, habla y sobre todo ven la gran utilidad que tiene el idioma incrementando su motivaci\u00f3n e inter\u00e9s por el aprendizaje del mismo.<\/p>\n<\/div>\n<\/div>\n\n\n\n<p><\/p>\n","protected":false},"excerpt":{"rendered":"<p>NUESTRAS PRIORIDADES En primer lugar un trato cercano entre alumno, padre y profesor. \u200bCOMUNICARNOS EN INGL\u00c9S Ense\u00f1arles a comunicarse en ingl\u00e9s utilizando herramientas imprescindibles y&hellip;<\/p>\n","protected":false},"author":1,"featured_media":0,"parent":0,"menu_order":0,"comment_status":"closed","ping_status":"closed","template":"","meta":{"_glsr_average":0,"_glsr_ranking":0,"_glsr_reviews":0,"_uag_custom_page_level_css":""},"uagb_featured_image_src":{"full":false,"thumbnail":false,"medium":false,"medium_large":false,"large":false,"1536x1536":false,"2048x2048":false},"uagb_author_info":{"display_name":"Christian","author_link":"https:\/\/deepenglish.ddns.net\/wordpress\/index.php\/author\/admin\/"},"uagb_comment_info":0,"uagb_excerpt":"NUESTRAS PRIORIDADES En primer lugar un trato cercano entre alumno, padre y profesor. \u200bCOMUNICARNOS EN INGL\u00c9S Ense\u00f1arles a comunicarse en ingl\u00e9s utilizando herramientas imprescindibles y&hellip;","_links":{"self":[{"href":"https:\/\/deepenglish.ddns.net\/wordpress\/index.php\/wp-json\/wp\/v2\/pages\/12"}],"collection":[{"href":"https:\/\/deepenglish.ddns.net\/wordpress\/index.php\/wp-json\/wp\/v2\/pages"}],"about":[{"href":"https:\/\/deepenglish.ddns.net\/wordpress\/index.php\/wp-json\/wp\/v2\/types\/page"}],"author":[{"embeddable":true,"href":"https:\/\/deepenglish.ddns.net\/wordpress\/index.php\/wp-json\/wp\/v2\/users\/1"}],"replies":[{"embeddable":true,"href":"https:\/\/deepenglish.ddns.net\/wordpress\/index.php\/wp-json\/wp\/v2\/comments?post=12"}],"version-history":[{"count":200,"href":"https:\/\/deepenglish.ddns.net\/wordpress\/index.php\/wp-json\/wp\/v2\/pages\/12\/revisions"}],"predecessor-version":[{"id":1737,"href":"https:\/\/deepenglish.ddns.net\/wordpress\/index.php\/wp-json\/wp\/v2\/pages\/12\/revisions\/1737"}],"wp:attachment":[{"href":"https:\/\/deepenglish.ddns.net\/wordpress\/index.php\/wp-json\/wp\/v2\/media?parent=12"}],"curies":[{"name":"wp","href":"https:\/\/api.w.org\/{rel}","templated":true}]}}