{"id":145,"date":"2020-12-19T17:33:46","date_gmt":"2020-12-19T17:33:46","guid":{"rendered":"https:\/\/fortea.ddns.net\/wordpress\/?page_id=145"},"modified":"2020-12-19T21:11:49","modified_gmt":"2020-12-19T21:11:49","slug":"organizacion","status":"publish","type":"page","link":"https:\/\/deepenglish.ddns.net\/wordpress\/index.php\/organizacion\/","title":{"rendered":"Organizaci\u00f3n"},"content":{"rendered":"\n<p class=\"has-text-color\" style=\"color:#0b2444\"><strong>Las actividades est\u00e1n organizadas del siguiente modo:<\/strong><\/p>\n\n\n\n<ul><li>Duraci\u00f3n de las actividades: Los cursos de ingl\u00e9s comienzan el 15 de septiembre y acaban el 31 de mayo del siguiente a\u00f1o.<\/li><li>Grupos: Se imparte formaci\u00f3n a 8 grupos, que van de nivel desde beginners-1 (B-1) hasta intermediate-5 (I-5).<\/li><li>Niveles de los grupos: Los niveles van desde principiante, nivel europeo A-1, hasta un intermedio alto, nivel europeo B-2. Los grupos B-1 y B-2 son los principiantes; B-3 se reserva para los principiantes altos; I-1 a I-3 son intermedios; e I-4 a I-4 son los intermedios altos. Los grupos se forman teniendo en cuenta su nivel de ingl\u00e9s y su madurez para el aprendizaje.<\/li><li>Tama\u00f1o de los grupos: Las clases en beginners no tendr\u00e1n m\u00e1s de 12 alumnos por grupo y en el caso de los intermedios puede llegar a 15, seg\u00fan la madurez de la propia clase. Pasado un mes de las clases no se admiten nuevos alumnos ya que el tipo de ense\u00f1anza que se imparte es org\u00e1nica y compacta.<\/li><li>Material: Todo el material necesario es proporcionado por el curso. Se trabaja mucho en la web y por correo electr\u00f3nico.<\/li><li>Profesores: Vanessa Pieper y Paco G\u00f3mez.<\/li><li>D\u00edas y horario: Cada alumno asiste a clase dos d\u00edas por semana en horario de lunes-mi\u00e9rcoles o martes-jueves.<\/li><\/ul>\n","protected":false},"excerpt":{"rendered":"<p>Las actividades est\u00e1n organizadas del siguiente modo: Duraci\u00f3n de las actividades: Los cursos de ingl\u00e9s comienzan el 15 de septiembre y acaban el 31 de&hellip;<\/p>\n","protected":false},"author":1,"featured_media":0,"parent":0,"menu_order":1,"comment_status":"closed","ping_status":"closed","template":"","meta":{"_glsr_average":0,"_glsr_ranking":0,"_glsr_reviews":0,"_uag_custom_page_level_css":""},"uagb_featured_image_src":{"full":false,"thumbnail":false,"medium":false,"medium_large":false,"large":false,"1536x1536":false,"2048x2048":false},"uagb_author_info":{"display_name":"Christian","author_link":"https:\/\/deepenglish.ddns.net\/wordpress\/index.php\/author\/admin\/"},"uagb_comment_info":0,"uagb_excerpt":"Las actividades est\u00e1n organizadas del siguiente modo: Duraci\u00f3n de las actividades: Los cursos de ingl\u00e9s comienzan el 15 de septiembre y acaban el 31 de&hellip;","_links":{"self":[{"href":"https:\/\/deepenglish.ddns.net\/wordpress\/index.php\/wp-json\/wp\/v2\/pages\/145"}],"collection":[{"href":"https:\/\/deepenglish.ddns.net\/wordpress\/index.php\/wp-json\/wp\/v2\/pages"}],"about":[{"href":"https:\/\/deepenglish.ddns.net\/wordpress\/index.php\/wp-json\/wp\/v2\/types\/page"}],"author":[{"embeddable":true,"href":"https:\/\/deepenglish.ddns.net\/wordpress\/index.php\/wp-json\/wp\/v2\/users\/1"}],"replies":[{"embeddable":true,"href":"https:\/\/deepenglish.ddns.net\/wordpress\/index.php\/wp-json\/wp\/v2\/comments?post=145"}],"version-history":[{"count":3,"href":"https:\/\/deepenglish.ddns.net\/wordpress\/index.php\/wp-json\/wp\/v2\/pages\/145\/revisions"}],"predecessor-version":[{"id":215,"href":"https:\/\/deepenglish.ddns.net\/wordpress\/index.php\/wp-json\/wp\/v2\/pages\/145\/revisions\/215"}],"wp:attachment":[{"href":"https:\/\/deepenglish.ddns.net\/wordpress\/index.php\/wp-json\/wp\/v2\/media?parent=145"}],"curies":[{"name":"wp","href":"https:\/\/api.w.org\/{rel}","templated":true}]}}