{"id":162,"date":"2020-12-19T18:21:50","date_gmt":"2020-12-19T18:21:50","guid":{"rendered":"https:\/\/fortea.ddns.net\/wordpress\/?page_id=162"},"modified":"2022-09-19T11:29:12","modified_gmt":"2022-09-19T10:29:12","slug":"objetivos","status":"publish","type":"page","link":"https:\/\/deepenglish.ddns.net\/wordpress\/index.php\/nuestras-clases\/objetivos\/","title":{"rendered":"Objetivos"},"content":{"rendered":"\n<div style=\"height:50px\" aria-hidden=\"true\" class=\"wp-block-spacer\"><\/div>\n\n\n\n<p>Los objetivos de nuestras actividades est\u00e1n basados en unos objetivos de aprendizaje del ingl\u00e9s, en un marco conceptual y siguiendo los est\u00e1ndares del <a href=\"https:\/\/www.cambridgeenglish.org\/es\/Images\/126130-cefr-diagram.pdf\" class=\"ek-link\"><strong><span style=\"color:#0b2444\" class=\"has-inline-color\">Marco Com\u00fan Europeo de Referencia para las Lenguas (MCER)<\/span><\/strong><\/a>. Cubrimos los siguientes niveles en nuestras clases, que es hasta el B2:<\/p>\n\n\n\n<div class=\"wp-block-uagb-tabs uagb-block-759346a0 uagb-tabs__wrap uagb-tabs__hstyle1-desktop uagb-tabs__vstyle6-tablet uagb-tabs__vstyle6-mobile\" data-tab-active=\"0\"><ul class=\"uagb-tabs__panel uagb-tabs__align-left\"><li class=\"uagb-tab uagb-tabs__active\"><a href=\"#uagb-tabs__tab0\" class=\"uagb-tabs-list uagb-tabs__icon-position-left\" data-tab=\"0\"><span>NIVEL A1<\/span><\/a><\/li><li class=\"uagb-tab \"><a href=\"#uagb-tabs__tab1\" class=\"uagb-tabs-list uagb-tabs__icon-position-left\" data-tab=\"1\"><span>NIVEL A2<\/span><\/a><\/li><li class=\"uagb-tab \"><a href=\"#uagb-tabs__tab2\" class=\"uagb-tabs-list uagb-tabs__icon-position-left\" data-tab=\"2\"><span>NIVEL B1<\/span><\/a><\/li><li class=\"uagb-tab \"><a href=\"#uagb-tabs__tab3\" class=\"uagb-tabs-list uagb-tabs__icon-position-left\" data-tab=\"3\"><span>NIVEL B2<\/span><\/a><\/li><li class=\"uagb-tab \"><a href=\"#uagb-tabs__tab4\" class=\"uagb-tabs-list uagb-tabs__icon-position-left\" data-tab=\"4\"><span>NIVEL C1<\/span><\/a><\/li><li class=\"uagb-tab \"><a href=\"#uagb-tabs__tab5\" class=\"uagb-tabs-list uagb-tabs__icon-position-left\" data-tab=\"5\"><span>NIVEL C2<\/span><\/a><\/li><\/ul><div class=\"uagb-tabs__body-wrap\">\n<div class=\"wp-block-uagb-tabs-child uagb-tabs__body-container uagb-tabs__inner-tab uagb-inner-tab-0\"><div class=\"uagb-blocks__8a915b6d uagb-tabs__body\" aria-labelledby=\"uagb-tabs__tab0\">\n<figure class=\"wp-block-table is-style-regular\"><table><tbody><tr><td><strong><mark style=\"background-color:rgba(0, 0, 0, 0);color:#0b2444\" class=\"has-inline-color\">Comprensi\u00f3n auditiva<\/mark><\/strong><\/td><td>Reconozco palabras y expresiones muy b\u00e1sicas que se usan habitualmente, relativas a m\u00ed mismo, a mi familia y a mi entorno inmediato cuando se habla despacio y con claridad.<\/td><\/tr><tr><td><strong><mark style=\"background-color:rgba(0, 0, 0, 0);color:#0b2444\" class=\"has-inline-color\">Comprensi\u00f3n de lectura<\/mark><\/strong><\/td><td>Comprendo palabras y nombres conocidos y frases muy sencillas, por ejemplo las que hay en letreros, carteles y cat\u00e1logos.<\/td><\/tr><tr><td><strong><mark style=\"background-color:rgba(0, 0, 0, 0);color:#0b2444\" class=\"has-inline-color\">Interacci\u00f3n oral<\/mark><\/strong><\/td><td>Puedo participar en una conversaci\u00f3n de forma sencilla siempre que la otra persona est\u00e9 dispuesta a repetir lo que ha dicho o a decirlo con otras palabras y a una velocidad m\u00e1s lenta y me ayude a formular lo que intento decir. Planteo y contesto preguntas sencillas sobre temas de necesidad inmediata o asuntos muy habituales.<\/td><\/tr><tr><td><strong><mark style=\"background-color:rgba(0, 0, 0, 0);color:#0b2444\" class=\"has-inline-color\">Expresi\u00f3n oral<\/mark><\/strong><\/td><td>Utilizo expresiones y frases sencillas para describir el lugar donde vivo y las personas que conozco.<\/td><\/tr><tr><td><strong><mark style=\"background-color:rgba(0, 0, 0, 0);color:#0b2444\" class=\"has-inline-color\">Expresi\u00f3n escrita<\/mark><\/strong><\/td><td>Soy capaz de escribir postales cortas y sencillas, por ejemplo para enviar felicitaciones. S\u00e9 rellenar formularios con datos personales, por ejemplo mi nombre, mi nacionalidad y mi direcci\u00f3n en el formulario del registro de un hotel.<\/td><\/tr><\/tbody><\/table><\/figure>\n<\/div><\/div>\n\n\n\n<div class=\"wp-block-uagb-tabs-child uagb-tabs__body-container uagb-tabs__inner-tab uagb-inner-tab-1\"><div class=\"uagb-blocks__65faad0f uagb-tabs__body\" aria-labelledby=\"uagb-tabs__tab1\">\n<p><\/p>\n<\/div><\/div>\n\n\n\n<div class=\"wp-block-uagb-tabs-child uagb-tabs__body-container uagb-tabs__inner-tab uagb-inner-tab-2\"><div class=\"uagb-blocks__0abfbd32 uagb-tabs__body\" aria-labelledby=\"uagb-tabs__tab2\">\n<p><\/p>\n<\/div><\/div>\n\n\n\n<div class=\"wp-block-uagb-tabs-child uagb-tabs__body-container uagb-tabs__inner-tab uagb-inner-tab-3\"><div class=\"uagb-blocks__e757cefa uagb-tabs__body\" aria-labelledby=\"uagb-tabs__tab3\">\n<p><\/p>\n<\/div><\/div>\n\n\n\n<div class=\"wp-block-uagb-tabs-child uagb-tabs__body-container uagb-tabs__inner-tab uagb-inner-tab-4\"><div class=\"uagb-blocks__74837b72 uagb-tabs__body\" aria-labelledby=\"uagb-tabs__tab4\">\n<div class=\"wp-block-columns\">\n<div class=\"wp-block-column\" style=\"flex-basis:100%\"><\/div>\n<\/div>\n<\/div><\/div>\n<\/div><\/div>\n\n\n\n<figure class=\"wp-block-table\"><table class=\"has-fixed-layout\"><tbody><tr><td class=\"has-text-align-left\" data-align=\"left\"><\/td><td><strong><span style=\"color:#0b2444\" class=\"has-inline-color\">NIVEL A1<\/span><\/strong><\/td><td class=\"has-text-align-left\" data-align=\"left\"><strong><span style=\"color:#0b2444\" class=\"has-inline-color\">NIVEL A2<\/span><\/strong><\/td><td class=\"has-text-align-left\" data-align=\"left\"><strong><span style=\"color:#0b2444\" class=\"has-inline-color\">NIVEL B1<\/span><\/strong><\/td><td class=\"has-text-align-left\" data-align=\"left\"><strong><span style=\"color:#0b2444\" class=\"has-inline-color\">NIVEL B2<\/span><\/strong><\/td><\/tr><tr><td class=\"has-text-align-left\" data-align=\"left\"><strong><span style=\"color:#0b2444\" class=\"has-inline-color\">Comprensi\u00f3n auditiva<\/span><\/strong><\/td><td>Reconozco palabras y expresiones muy b\u00e1sicas que se usan habitualmente, relativas a m\u00ed mismo, a mi familia y a mi entorno inmediato cuando se habla despacio y con claridad.<\/td><td class=\"has-text-align-left\" data-align=\"left\">Comprendo frases y el vocabulario m\u00e1s habitual sobre temas de inter\u00e9s personal (informaci\u00f3n personal y familiar muy b\u00e1sica, compras, lugar de residencia, empleo). Soy capaz de captar la idea principal de avisos y mensajes breves, claros y sencillos.<\/td><td class=\"has-text-align-left\" data-align=\"left\">Comprendo las ideas principales cuando el discurso es claro y normal y se tratan asuntos cotidianos que tienen lugar en el trabajo, en la escuela, durante el tiempo de ocio, etc.<\/td><td class=\"has-text-align-left\" data-align=\"left\">Comprendo discursos y conferencias extensos e incluso sigo l\u00edneas argumentales complejas siempre que el tema sea relativamente conocido. Comprendo casi todas las noticias de la televisi\u00f3n y los programas sobre temas actuales. Comprendo la mayor\u00eda de las pel\u00edculas en las que se habla en un nivel de lengua est\u00e1ndar.<\/td><\/tr><tr><td class=\"has-text-align-left\" data-align=\"left\"><strong><span style=\"color:#0b2444\" class=\"has-inline-color\">Comprensi\u00f3n de lectura<\/span><\/strong><\/td><td>Comprendo palabras y nombres conocidos y frases muy sencillas, por ejemplo las que hay en letreros, carteles y cat\u00e1logos.<\/td><td class=\"has-text-align-left\" data-align=\"left\">Soy capaz de leer textos muy breves y sencillos. S\u00e9 encontrar informaci\u00f3n espec\u00edfica y predecible en escritos sencillos y cotidianos como anuncios publicitarios, prospectos, men\u00fas y horarios y comprendo cartas personales breves y sencillas.<\/td><td class=\"has-text-align-left\" data-align=\"left\">Comprendo textos redactados en una lengua de uso habitual y cotidiano o relacionada con el trabajo. Comprendo la descripci\u00f3n de acontecimientos, sentimientos y deseos en cartas personales.<\/td><td class=\"has-text-align-left\" data-align=\"left\">Soy capaz de leer art\u00edculos e informes relativos a problemas contempor\u00e1neos en los que los autores adoptan posturas o puntos de vista concretos. Comprendo la prosa literaria contempor\u00e1nea.<\/td><\/tr><tr><td class=\"has-text-align-left\" data-align=\"left\"><strong><span style=\"color:#0b2444\" class=\"has-inline-color\">Interacci\u00f3n oral<\/span><\/strong><\/td><td>Puedo participar en una conversaci\u00f3n de forma sencilla siempre que la otra persona est\u00e9 dispuesta a repetir lo que ha dicho o a decirlo con otras palabras y a una velocidad m\u00e1s lenta y me ayude a formular lo que intento decir. Planteo y contesto preguntas sencillas sobre temas de necesidad inmediata o asuntos muy habituales.<\/td><td class=\"has-text-align-left\" data-align=\"left\">Puedo comunicarme en tareas sencillas y habituales que requieren un intercambio simple y directo de informaci\u00f3n sobre actividades y asuntos cotidianos. Soy capaz de realizar intercambios sociales muy breves, aunque, por lo general, no puedo comprender lo suficiente como para mantener la conversaci\u00f3n por m\u00ed mismo<\/td><td class=\"has-text-align-left\" data-align=\"left\">S\u00e9 desenvolverme en casi todas las situaciones que se me presentan cuando viajo donde se habla esa lengua. Puedo participar espont\u00e1neamente en una conversaci\u00f3n que trate temas cotidianos de inter\u00e9s personal o que sean pertinentes para la vida diaria (por ejemplo, familia, aficiones, trabajo, viajes y acontecimientos actuales).<\/td><td class=\"has-text-align-left\" data-align=\"left\">Puedo participar en una conversaci\u00f3n con cierta fluidez y espontaneidad, lo que posibilita la comunicaci\u00f3n normal con hablantes nativos. Puedo tomar parte activa en debates desarrollados en situaciones cotidianas explicando y defendiendo mis puntos de vista.<\/td><\/tr><tr><td class=\"has-text-align-left\" data-align=\"left\"><strong><span style=\"color:#0b2444\" class=\"has-inline-color\">Expresi\u00f3n oral<\/span><\/strong><\/td><td>Utilizo expresiones y frases sencillas para describir el lugar donde vivo y las personas que conozco.<\/td><td class=\"has-text-align-left\" data-align=\"left\">Utilizo una serie de expresiones y frases para describir con t\u00e9rminos sencillos a mi familia y otras personas, mis condiciones de vida, mi origen educativo y mi trabajo actual o el \u00faltimo que tuve<\/td><td class=\"has-text-align-left\" data-align=\"left\">S\u00e9 enlazar frases de forma sencilla con el fin de describir experiencias y hechos, mis sue\u00f1os, esperanzas y ambiciones. Puedo explicar y justificar brevemente mis opiniones y proyectos. S\u00e9 narrar una historia o relato, la trama de un libro o pel\u00edcula y puedo describir mis reacciones.<\/td><td class=\"has-text-align-left\" data-align=\"left\">Presento descripciones claras y detalladas de una amplia serie de temas relacionados con mi especialidad. S\u00e9 explicar un punto de vista sobre un tema exponiendo las ventajas y los inconvenientes de varias opciones.<\/td><\/tr><tr><td class=\"has-text-align-left\" data-align=\"left\"><strong><span style=\"color:#0b2444\" class=\"has-inline-color\">Expresi\u00f3n escrita<\/span><\/strong><\/td><td>Soy capaz de escribir postales cortas y sencillas, por ejemplo para enviar felicitaciones. S\u00e9 rellenar formularios con datos personales, por ejemplo mi nombre, mi nacionalidad y mi direcci\u00f3n en el formulario del registro de un hotel.<\/td><td class=\"has-text-align-left\" data-align=\"left\">Soy capaz de escribir notas y mensajes breves y sencillos relativos a mis necesidades inmediatas. Puedo escribir cartas personales muy sencillas, por ejemplo agradeciendo algo a alguien.<\/td><td class=\"has-text-align-left\" data-align=\"left\">Soy capaz de escribir textos sencillos y bien enlazados sobre temas que me son conocidos o de inter\u00e9s personal. Puedo escribir cartas personales que describen experiencias e impresiones.<\/td><td class=\"has-text-align-left\" data-align=\"left\">Soy capaz de escribir textos claros y detallados sobre una amplia serie de temas relacionados con mis intereses. Puedo escribir redacciones o informes transmitiendo informaci\u00f3n o proponiendo motivos que apoyen o refuten un punto de vista concreto. S\u00e9 escribir cartas que destacan la importancia que le doy a determinados hechos y experiencias.<\/td><\/tr><\/tbody><\/table><\/figure>\n","protected":false},"excerpt":{"rendered":"<p>Los objetivos de nuestras actividades est\u00e1n basados en unos objetivos de aprendizaje del ingl\u00e9s, en un marco conceptual y siguiendo los est\u00e1ndares del Marco Com\u00fan&hellip;<\/p>\n","protected":false},"author":1,"featured_media":0,"parent":216,"menu_order":0,"comment_status":"closed","ping_status":"closed","template":"","meta":{"_glsr_average":0,"_glsr_ranking":0,"_glsr_reviews":0,"_uag_custom_page_level_css":""},"uagb_featured_image_src":{"full":false,"thumbnail":false,"medium":false,"medium_large":false,"large":false,"1536x1536":false,"2048x2048":false},"uagb_author_info":{"display_name":"Christian","author_link":"https:\/\/deepenglish.ddns.net\/wordpress\/index.php\/author\/admin\/"},"uagb_comment_info":0,"uagb_excerpt":"Los objetivos de nuestras actividades est\u00e1n basados en unos objetivos de aprendizaje del ingl\u00e9s, en un marco conceptual y siguiendo los est\u00e1ndares del Marco Com\u00fan&hellip;","_links":{"self":[{"href":"https:\/\/deepenglish.ddns.net\/wordpress\/index.php\/wp-json\/wp\/v2\/pages\/162"}],"collection":[{"href":"https:\/\/deepenglish.ddns.net\/wordpress\/index.php\/wp-json\/wp\/v2\/pages"}],"about":[{"href":"https:\/\/deepenglish.ddns.net\/wordpress\/index.php\/wp-json\/wp\/v2\/types\/page"}],"author":[{"embeddable":true,"href":"https:\/\/deepenglish.ddns.net\/wordpress\/index.php\/wp-json\/wp\/v2\/users\/1"}],"replies":[{"embeddable":true,"href":"https:\/\/deepenglish.ddns.net\/wordpress\/index.php\/wp-json\/wp\/v2\/comments?post=162"}],"version-history":[{"count":14,"href":"https:\/\/deepenglish.ddns.net\/wordpress\/index.php\/wp-json\/wp\/v2\/pages\/162\/revisions"}],"predecessor-version":[{"id":1465,"href":"https:\/\/deepenglish.ddns.net\/wordpress\/index.php\/wp-json\/wp\/v2\/pages\/162\/revisions\/1465"}],"up":[{"embeddable":true,"href":"https:\/\/deepenglish.ddns.net\/wordpress\/index.php\/wp-json\/wp\/v2\/pages\/216"}],"wp:attachment":[{"href":"https:\/\/deepenglish.ddns.net\/wordpress\/index.php\/wp-json\/wp\/v2\/media?parent=162"}],"curies":[{"name":"wp","href":"https:\/\/api.w.org\/{rel}","templated":true}]}}