{"id":181,"date":"2020-12-19T19:02:27","date_gmt":"2020-12-19T19:02:27","guid":{"rendered":"https:\/\/fortea.ddns.net\/wordpress\/?page_id=181"},"modified":"2020-12-19T19:33:43","modified_gmt":"2020-12-19T19:33:43","slug":"temario","status":"publish","type":"page","link":"https:\/\/deepenglish.ddns.net\/wordpress\/index.php\/temario\/","title":{"rendered":"Temario"},"content":{"rendered":"\n<p>En base a los anteriores objetivos hemos dise\u00f1ado el temario o contenido que a continuaci\u00f3n se detalla. Este temario est\u00e1 pensado para impartirse en un per\u00edodo de m\u00ednimo tres a\u00f1os. Este temario est\u00e1 pensado para reforzar y complementar el temario dado en el instituto. El objetivo final de estas clases es que los alumnos del Gran Capit\u00e1n salgan con un nivel excelente de ingl\u00e9s de cara a su carrera universitaria y profesional.<\/p>\n\n\n\n<figure class=\"wp-block-table is-style-stripes\"><table><tbody><tr><td><strong><span style=\"color:#0b2444\" class=\"has-inline-color\">EXPRESI\u00d3N ORAL<\/span><\/strong><\/td><td> \u00b7&nbsp;&nbsp;&nbsp;&nbsp;&nbsp;&nbsp; El ritmo acentual de la lengua inglesa. Palabras clave, palabras funci\u00f3n y palabras foco. Reducci\u00f3n voc\u00e1lica. Reducci\u00f3n conson\u00e1ntica.<br>\u00b7&nbsp;&nbsp;&nbsp;&nbsp;&nbsp;&nbsp; Mapa de vocales. Par\u00e1metros que determinan las vocales: Altura y profundidad de la lengua, posici\u00f3n de los labios, posici\u00f3n de la mand\u00edbula, vocales tensas y laxas.&nbsp;<br>\u00b7&nbsp;&nbsp;&nbsp;&nbsp;&nbsp;&nbsp; Vocales puras: [i:], [\u026a], [u:], [\u028a], [\u0254:], [\u028c], [\u0251:], [\u00e6], [\u025b], [\u0259] [\u025c:]. Vocales de diptongos.<br>\u00b7&nbsp;&nbsp;&nbsp;&nbsp;&nbsp;&nbsp; Los diptongos in ingl\u00e9s: [e\u026a], [a\u026a], [\u0254\u026a], [o\u028a], [a\u028a],[e\u0259], [\u028a\u0259], y [\u026a\u0259]. La pronunciaci\u00f3n de los diptongos en ingl\u00e9s americano.<br>\u00b7&nbsp;&nbsp;&nbsp;&nbsp;&nbsp;&nbsp; Diferencias en la pronunciaci\u00f3n voc\u00e1lica entre el ingl\u00e9s americano y el brit\u00e1nico.<br>\u00b7&nbsp;&nbsp;&nbsp;&nbsp;&nbsp;&nbsp; Consonantes. Definici\u00f3n de consonante. El tracto vocal. Fonaci\u00f3n. Las tres maneras principals de producci\u00f3n de consonants: oclusivas, fricativas y aproximantes.&nbsp;<br>\u00b7&nbsp;&nbsp;&nbsp;&nbsp;&nbsp;&nbsp; Tipos de consonantes seg\u00fan el tipo y el lugar de articulaci\u00f3n.<br>\u00b7&nbsp;&nbsp;&nbsp;&nbsp;&nbsp;&nbsp; Oclusivas: bilabiales, alveolares, velares y glotales. Sonidos glotalizados.<br>\u00b7&nbsp;&nbsp;&nbsp;&nbsp;&nbsp;&nbsp; Fricativas: labio-dentales, linguo-dentales, alveolares, glotal y post-alveolares.<br>\u00b7&nbsp;&nbsp;&nbsp;&nbsp;&nbsp;&nbsp; Consonantes africadas.<br>\u00b7&nbsp;&nbsp;&nbsp;&nbsp;&nbsp;&nbsp; Consonantes nasals: bilabiales, alveolares y velares<br>\u00b7&nbsp;&nbsp;&nbsp;&nbsp;&nbsp;&nbsp; Consonantes aproximantes: los sonidos de la r y los laterals.<br>\u00b7&nbsp;&nbsp;&nbsp;&nbsp;&nbsp;&nbsp; Semivocales.<br>\u00b7&nbsp;&nbsp;&nbsp;&nbsp;&nbsp;&nbsp; Pronunciaci\u00f3n de plurales, presente simple y genitivo anglo-saj\u00f3n.<br>\u00b7&nbsp;&nbsp;&nbsp;&nbsp;&nbsp;&nbsp; Suprasegmentales. Contracciones y las palabras funci\u00f3n. Asimilaci\u00f3n regresiva y progresiva. Uni\u00f3n de sonidos. Elisi\u00f3n. La r intrusiva.<br>\u00b7&nbsp;&nbsp;&nbsp;&nbsp;&nbsp;&nbsp; Entonaci\u00f3n. Funciones de la entonaci\u00f3n. Tono, tonalidad y tonicidad. Partes de la frase de entonaci\u00f3n. Clasificaci\u00f3n de los patrones de entonaci\u00f3n: ca\u00eddas, subidas, ca\u00eddas-subidas. Uso de los patrones de entonaci\u00f3n en funci\u00f3n del tipo de oraci\u00f3n.<\/td><\/tr><tr><td><strong><span style=\"color:#0b2444\" class=\"has-inline-color\">GRAM\u00c1TICA<\/span><\/strong><\/td><td>\u00b7&nbsp;&nbsp;&nbsp;&nbsp;&nbsp;&nbsp; Las categor\u00edas gramaticales en ingl\u00e9s.<br>\u00b7&nbsp;&nbsp;&nbsp;&nbsp;&nbsp;&nbsp; Los verbos en ingl\u00e9s. Verbos transitivos, intransitivos y de estado. Verbos de union. Verbos modales y defectivos.<br>\u00b7&nbsp;&nbsp;&nbsp;&nbsp;&nbsp;&nbsp; Uso de los verbos: presente simple, presente continuo, futuro simple, future pr\u00f3ximo, pasado simple, presente perfecto, pasado perfecto, futuro perfecto.<br>\u00b7&nbsp;&nbsp;&nbsp;&nbsp;&nbsp;&nbsp; La estructura del verbo en ingl\u00e9s.<br>\u00b7&nbsp;&nbsp;&nbsp;&nbsp;&nbsp;&nbsp; Verbos preposicionales.<br>\u00b7&nbsp;&nbsp;&nbsp;&nbsp;&nbsp;&nbsp; Los condicionales en ingl\u00e9s.<br>\u00b7&nbsp;&nbsp;&nbsp;&nbsp;&nbsp;&nbsp; Reported speech e indirect speech.<br>\u00b7&nbsp;&nbsp;&nbsp;&nbsp;&nbsp;&nbsp; La estructura de la oraci\u00f3n en ingl\u00e9s. Oraciones compuestas y subordinadas.<br>\u00b7&nbsp;&nbsp;&nbsp;&nbsp;&nbsp;&nbsp; La morfolog\u00eda del verbo. Gerundio, pasado simple y participio.<br>\u00b7&nbsp;&nbsp;&nbsp;&nbsp;&nbsp;&nbsp; El sustantivo. Palabras que funcionan como nombres.<br>\u00b7&nbsp;&nbsp;&nbsp;&nbsp;&nbsp;&nbsp; El art\u00edculo y sus casos. Los demostrativos.<br>\u00b7&nbsp;&nbsp;&nbsp;&nbsp;&nbsp;&nbsp; Los adjetivos. Orden y gradaci\u00f3n. Comparativos y superlativos.<br>\u00b7&nbsp;&nbsp;&nbsp;&nbsp;&nbsp;&nbsp; El adverbio en ingl\u00e9s.<br>\u00b7&nbsp;&nbsp;&nbsp;&nbsp;&nbsp;&nbsp; Las preposiciones y las conjunciones en ingl\u00e9s.<br>\u00b7&nbsp;&nbsp;&nbsp;&nbsp;&nbsp;&nbsp; El orden de las palabras en las oraciones en ingl\u00e9s.<\/td><\/tr><tr><td><span style=\"color:#0b2444\" class=\"has-inline-color\"><strong>ESCUCHA<\/strong><\/span><\/td><td>\u00b7&nbsp;&nbsp;&nbsp;&nbsp;&nbsp;&nbsp; Escucha focalizada. Escucha por niveles.<br>\u00b7&nbsp;&nbsp;&nbsp;&nbsp;&nbsp;&nbsp; Reconocimiento del ritmo acentual del ingl\u00e9s. Escucha de la reducci\u00f3n voc\u00e1lica y conson\u00e1ntica.<br>\u00b7&nbsp;&nbsp;&nbsp;&nbsp;&nbsp;&nbsp; Reconocimiento de los sonidos.<br>\u00b7&nbsp;&nbsp;&nbsp;&nbsp;&nbsp;&nbsp; Escucha de series y pel\u00edculas. Identificaci\u00f3n de los sonidos relevantes.<br>\u00b7&nbsp;&nbsp;&nbsp;&nbsp;&nbsp;&nbsp; Registros en el ingl\u00e9s: coloquial, formal, neutro, expresivo, jerga.<br>\u00b7&nbsp;&nbsp;&nbsp;&nbsp;&nbsp;&nbsp; Exposici\u00f3n a los diferentes acentos. Estudio detallado del acento americano (GA) y el brit\u00e1nico (est\u00e1ndar RP).<\/td><\/tr><tr><td><strong><span style=\"color:#0b2444\" class=\"has-inline-color\">ESCRITURA<\/span><\/strong><\/td><td>\u00b7&nbsp;&nbsp;&nbsp;&nbsp;&nbsp;&nbsp; La sintaxis del ingl\u00e9s.<br>\u00b7&nbsp;&nbsp;&nbsp;&nbsp;&nbsp;&nbsp; Aspectos gramaticales de la escritura.<br>\u00b7&nbsp;&nbsp;&nbsp;&nbsp;&nbsp;&nbsp; Adquisici\u00f3n de vocabulario para la escritura.<br>\u00b7&nbsp;&nbsp;&nbsp;&nbsp;&nbsp;&nbsp; Clasificaci\u00f3n de los distintos tipos de textos.<br>\u00b7&nbsp;&nbsp;&nbsp;&nbsp;&nbsp;&nbsp; Acopio de ideas para escribir. La t\u00e9cnica de la escritura en s\u00ed. La organizaci\u00f3n del texto.<br>\u00b7&nbsp;&nbsp;&nbsp;&nbsp;&nbsp;&nbsp; El proceso de revisi\u00f3n de un texto en ingl\u00e9s.<\/td><\/tr><tr><td><strong><span style=\"color:#0b2444\" class=\"has-inline-color\">LECTURA<\/span><\/strong><\/td><td>\u00b7&nbsp;&nbsp;&nbsp;&nbsp;&nbsp;&nbsp; T\u00e9cnicas de lectura en ingl\u00e9s.<br>\u00b7&nbsp;&nbsp;&nbsp;&nbsp;&nbsp;&nbsp; Vocabulario para la lectura.<br>\u00b7&nbsp;&nbsp;&nbsp;&nbsp;&nbsp;&nbsp; Plan de lectura para alumnos de ingl\u00e9s.<br>\u00b7&nbsp;&nbsp;&nbsp;&nbsp;&nbsp;&nbsp; An\u00e1lisis de textos.<\/td><\/tr><\/tbody><\/table><\/figure>\n\n\n\n<p><\/p>\n","protected":false},"excerpt":{"rendered":"<p>En base a los anteriores objetivos hemos dise\u00f1ado el temario o contenido que a continuaci\u00f3n se detalla. Este temario est\u00e1 pensado para impartirse en un&hellip;<\/p>\n","protected":false},"author":1,"featured_media":0,"parent":0,"menu_order":0,"comment_status":"closed","ping_status":"closed","template":"","meta":{"_glsr_average":0,"_glsr_ranking":0,"_glsr_reviews":0,"_uag_custom_page_level_css":""},"uagb_featured_image_src":{"full":false,"thumbnail":false,"medium":false,"medium_large":false,"large":false,"1536x1536":false,"2048x2048":false},"uagb_author_info":{"display_name":"Christian","author_link":"https:\/\/deepenglish.ddns.net\/wordpress\/index.php\/author\/admin\/"},"uagb_comment_info":0,"uagb_excerpt":"En base a los anteriores objetivos hemos dise\u00f1ado el temario o contenido que a continuaci\u00f3n se detalla. Este temario est\u00e1 pensado para impartirse en un&hellip;","_links":{"self":[{"href":"https:\/\/deepenglish.ddns.net\/wordpress\/index.php\/wp-json\/wp\/v2\/pages\/181"}],"collection":[{"href":"https:\/\/deepenglish.ddns.net\/wordpress\/index.php\/wp-json\/wp\/v2\/pages"}],"about":[{"href":"https:\/\/deepenglish.ddns.net\/wordpress\/index.php\/wp-json\/wp\/v2\/types\/page"}],"author":[{"embeddable":true,"href":"https:\/\/deepenglish.ddns.net\/wordpress\/index.php\/wp-json\/wp\/v2\/users\/1"}],"replies":[{"embeddable":true,"href":"https:\/\/deepenglish.ddns.net\/wordpress\/index.php\/wp-json\/wp\/v2\/comments?post=181"}],"version-history":[{"count":8,"href":"https:\/\/deepenglish.ddns.net\/wordpress\/index.php\/wp-json\/wp\/v2\/pages\/181\/revisions"}],"predecessor-version":[{"id":195,"href":"https:\/\/deepenglish.ddns.net\/wordpress\/index.php\/wp-json\/wp\/v2\/pages\/181\/revisions\/195"}],"wp:attachment":[{"href":"https:\/\/deepenglish.ddns.net\/wordpress\/index.php\/wp-json\/wp\/v2\/media?parent=181"}],"curies":[{"name":"wp","href":"https:\/\/api.w.org\/{rel}","templated":true}]}}