{"id":216,"date":"2020-12-19T21:13:31","date_gmt":"2020-12-19T21:13:31","guid":{"rendered":"https:\/\/fortea.ddns.net\/wordpress\/?page_id=216"},"modified":"2022-09-19T11:10:10","modified_gmt":"2022-09-19T10:10:10","slug":"nuestras-clases","status":"publish","type":"page","link":"https:\/\/deepenglish.ddns.net\/wordpress\/index.php\/nuestras-clases\/","title":{"rendered":"Nuestras Clases"},"content":{"rendered":"\n<div style=\"height:85px\" aria-hidden=\"true\" class=\"wp-block-spacer\"><\/div>\n\n\n\n<h3 class=\"has-text-align-center\"><p><strong><mark style=\"background-color:rgba(0, 0, 0, 0);color:#0b2444\" class=\"has-inline-color\">NUESTRA TRAYECTORIA<\/mark><\/strong><\/p><\/h3>\n\n\n\n<p class=\"has-text-align-justify\">A nuestra trayectoria de casi una d\u00e9cada como extraescolar del IES Gran Capit\u00e1n hemos sumado una amplia experiencia ganada por la continuidad de las clases online que ofrecimos a nuestros alumnos desde el mismo d\u00eda que cerraron los centros educativos. En un momento de cambio tan transcendental para todos adaptamos nuestro contenido para ofrecerles un material did\u00e1ctico que adem\u00e1s de continuar ense\u00f1\u00e1ndoles ingl\u00e9s, sobre todo, tambi\u00e9n les acompa\u00f1ara y les informara sobre la nueva situaci\u00f3n en la que nos encontr\u00e1bamos y as\u00ed poder ofrecerles herramientas de continuidad y resiliencia en ese momento tan cr\u00edtico. Hemos aportado tambi\u00e9n la experiencia de trabajar y aprender <strong><mark style=\"background-color:rgba(0, 0, 0, 0);color:#0b2444\" class=\"has-inline-color\">online<\/mark><\/strong> con el canal que nos posibilitaba estar con nuestros alumnos y seguir sin perder de vista la ense\u00f1anza del ingl\u00e9s ni la cercan\u00eda con nuestros alumnos.<\/p>\n\n\n\n<p class=\"has-text-align-justify\">Este curso pasado, 2021-22, volvimos a realizar clases presenciales. Gracias a las nuevas medidas, pudimos volver a ense\u00f1ar ingl\u00e9s en las aulas y trabajar en uno de nuestros proyectos anuales favoritos: teatro en ingl\u00e9s. As\u00ed, a finales del segundo trimestre, los alumnos de los distintos cursos representaron varias obras de teatro: <em>Here comes the sun<\/em> y <em>This is your brain on social media<\/em>. Por \u00faltimo, se continuaron las clases presenciales hasta finalizar el curso, llegando a abrir un par de grupos nuevos en el IES Ortega y Gasset.<\/p>\n\n\n\n<div style=\"height:85px\" aria-hidden=\"true\" class=\"wp-block-spacer\"><\/div>\n","protected":false},"excerpt":{"rendered":"<p>NUESTRA TRAYECTORIA A nuestra trayectoria de casi una d\u00e9cada como extraescolar del IES Gran Capit\u00e1n hemos sumado una amplia experiencia ganada por la continuidad de&hellip;<\/p>\n","protected":false},"author":1,"featured_media":0,"parent":0,"menu_order":0,"comment_status":"closed","ping_status":"closed","template":"","meta":{"_glsr_average":0,"_glsr_ranking":0,"_glsr_reviews":0,"_uag_custom_page_level_css":""},"uagb_featured_image_src":{"full":false,"thumbnail":false,"medium":false,"medium_large":false,"large":false,"1536x1536":false,"2048x2048":false},"uagb_author_info":{"display_name":"Christian","author_link":"https:\/\/deepenglish.ddns.net\/wordpress\/index.php\/author\/admin\/"},"uagb_comment_info":0,"uagb_excerpt":"NUESTRA TRAYECTORIA A nuestra trayectoria de casi una d\u00e9cada como extraescolar del IES Gran Capit\u00e1n hemos sumado una amplia experiencia ganada por la continuidad de&hellip;","_links":{"self":[{"href":"https:\/\/deepenglish.ddns.net\/wordpress\/index.php\/wp-json\/wp\/v2\/pages\/216"}],"collection":[{"href":"https:\/\/deepenglish.ddns.net\/wordpress\/index.php\/wp-json\/wp\/v2\/pages"}],"about":[{"href":"https:\/\/deepenglish.ddns.net\/wordpress\/index.php\/wp-json\/wp\/v2\/types\/page"}],"author":[{"embeddable":true,"href":"https:\/\/deepenglish.ddns.net\/wordpress\/index.php\/wp-json\/wp\/v2\/users\/1"}],"replies":[{"embeddable":true,"href":"https:\/\/deepenglish.ddns.net\/wordpress\/index.php\/wp-json\/wp\/v2\/comments?post=216"}],"version-history":[{"count":20,"href":"https:\/\/deepenglish.ddns.net\/wordpress\/index.php\/wp-json\/wp\/v2\/pages\/216\/revisions"}],"predecessor-version":[{"id":1462,"href":"https:\/\/deepenglish.ddns.net\/wordpress\/index.php\/wp-json\/wp\/v2\/pages\/216\/revisions\/1462"}],"wp:attachment":[{"href":"https:\/\/deepenglish.ddns.net\/wordpress\/index.php\/wp-json\/wp\/v2\/media?parent=216"}],"curies":[{"name":"wp","href":"https:\/\/api.w.org\/{rel}","templated":true}]}}