{"id":236,"date":"2020-12-20T11:19:21","date_gmt":"2020-12-20T11:19:21","guid":{"rendered":"https:\/\/fortea.ddns.net\/wordpress\/?page_id=236"},"modified":"2020-12-20T16:54:53","modified_gmt":"2020-12-20T16:54:53","slug":"actividades","status":"publish","type":"page","link":"https:\/\/deepenglish.ddns.net\/wordpress\/index.php\/actividades\/","title":{"rendered":"Actividades"},"content":{"rendered":"\n<p>El <strong><span style=\"color:#0b2444\" class=\"has-inline-color\">TRABAJO EN CLASE<\/span><\/strong> dividido seg\u00fan el nivel de la clase. Vanessa Pieper imparte la secci\u00f3n de gram\u00e1tica y vocabulario y Paco G\u00f3mez la de pronunciaci\u00f3n y escucha. Por supuesto, hay un cierto grado de solapamiento entre todas estas \u00e1reas en la clase. El trabajo en clase depende de qu\u00e9 parte del temario se est\u00e9 cubriendo. Siempre hay una parte de explicaci\u00f3n de un concepto profundo del ingl\u00e9s y luego una parte, intensa y sustancial, de pr\u00e1ctica por parte del alumno.<\/p>\n\n\n\n<p>Las clases no son unidades estancas, sino que normalmente ese concepto profundo lleva varias clases; de ah\u00ed, la importancia de la asistencia. Como ejemplo de nuestro trabajo, exponemos a continuaci\u00f3n algunas actividades realizadas en el cursos anteriores y actuales:<\/p>\n\n\n\n<p class=\"has-text-align-right\" style=\"font-size:15px\"><span style=\"color:#0b2444\" class=\"has-inline-color\"><a href=\"https:\/\/fortea.ddns.net\/wordpress\/index.php\/exercises-in-style\/\">Exercises In Style  ><\/a><\/span><\/p>\n","protected":false},"excerpt":{"rendered":"<p>El TRABAJO EN CLASE dividido seg\u00fan el nivel de la clase. Vanessa Pieper imparte la secci\u00f3n de gram\u00e1tica y vocabulario y Paco G\u00f3mez la de&hellip;<\/p>\n","protected":false},"author":1,"featured_media":0,"parent":0,"menu_order":0,"comment_status":"closed","ping_status":"closed","template":"","meta":{"_glsr_average":0,"_glsr_ranking":0,"_glsr_reviews":0,"_uag_custom_page_level_css":""},"uagb_featured_image_src":{"full":false,"thumbnail":false,"medium":false,"medium_large":false,"large":false,"1536x1536":false,"2048x2048":false},"uagb_author_info":{"display_name":"Christian","author_link":"https:\/\/deepenglish.ddns.net\/wordpress\/index.php\/author\/admin\/"},"uagb_comment_info":0,"uagb_excerpt":"El TRABAJO EN CLASE dividido seg\u00fan el nivel de la clase. Vanessa Pieper imparte la secci\u00f3n de gram\u00e1tica y vocabulario y Paco G\u00f3mez la de&hellip;","_links":{"self":[{"href":"https:\/\/deepenglish.ddns.net\/wordpress\/index.php\/wp-json\/wp\/v2\/pages\/236"}],"collection":[{"href":"https:\/\/deepenglish.ddns.net\/wordpress\/index.php\/wp-json\/wp\/v2\/pages"}],"about":[{"href":"https:\/\/deepenglish.ddns.net\/wordpress\/index.php\/wp-json\/wp\/v2\/types\/page"}],"author":[{"embeddable":true,"href":"https:\/\/deepenglish.ddns.net\/wordpress\/index.php\/wp-json\/wp\/v2\/users\/1"}],"replies":[{"embeddable":true,"href":"https:\/\/deepenglish.ddns.net\/wordpress\/index.php\/wp-json\/wp\/v2\/comments?post=236"}],"version-history":[{"count":8,"href":"https:\/\/deepenglish.ddns.net\/wordpress\/index.php\/wp-json\/wp\/v2\/pages\/236\/revisions"}],"predecessor-version":[{"id":292,"href":"https:\/\/deepenglish.ddns.net\/wordpress\/index.php\/wp-json\/wp\/v2\/pages\/236\/revisions\/292"}],"wp:attachment":[{"href":"https:\/\/deepenglish.ddns.net\/wordpress\/index.php\/wp-json\/wp\/v2\/media?parent=236"}],"curies":[{"name":"wp","href":"https:\/\/api.w.org\/{rel}","templated":true}]}}