{"id":262,"date":"2020-12-20T11:50:47","date_gmt":"2020-12-20T11:50:47","guid":{"rendered":"https:\/\/fortea.ddns.net\/wordpress\/?page_id=262"},"modified":"2021-09-18T16:34:05","modified_gmt":"2021-09-18T15:34:05","slug":"exercises-in-style","status":"publish","type":"page","link":"https:\/\/deepenglish.ddns.net\/wordpress\/index.php\/exercises-in-style\/","title":{"rendered":"Exercises In Style"},"content":{"rendered":"\n<p>El proyecto <strong><span style=\"color:#0b2444\" class=\"has-inline-color\">EXERCISES IN STYLE<\/span><\/strong>. Este libro es un canto a la imaginaci\u00f3n. Consiste en una est\u00fapida historia, trivial, anecd\u00f3tica, que poco inter\u00e9s puede suscitar en cualquier lector, y que solo tiene dos p\u00e1rrafos, apenas media p\u00e1gina. Entonces Queneau nos muestra el poder de la imaginaci\u00f3n. Aplicando una idea concepto a la historia la vuelve a reescribir de 99 maneras distintas, a cual m\u00e1s creativa. En esta actividad mostramos a los alumnos la historia central y a partir de ideas rectoras, les pedimos que reescribiesen la historia, todo ello en ingl\u00e9s.<\/p>\n\n\n\n<p>Se leyeron las historias de los alumnos y se comentaron cr\u00edticamente. Ejemplos de las ideas rectoras que les dimos fueron sorpresa, interjecciones, exclamaciones, negaciones, visual, olfativo, l\u00edtotes, sue\u00f1o. Esta actividad se dise\u00f1\u00f3 con la idea de practicar la escritura y de fomentar la creatividad.<\/p>\n\n\n\n<div class=\"wp-block-columns\">\n<div class=\"wp-block-column\">\n<p><span style=\"color:#0b2444\" class=\"has-inline-color\"><a href=\"https:\/\/deepenglish.ddns.net\/wordpress\/index.php\/actividades\/\">&lt;  El Trabajo En Clase<\/a><\/span><\/p>\n<\/div>\n\n\n\n<div class=\"wp-block-column\">\n<p class=\"has-text-align-right\"><span style=\"color:#0b2444\" class=\"has-inline-color\"><a href=\"https:\/\/deepenglish.ddns.net\/wordpress\/index.php\/the-invisible-hand\/\">The Invisible Hand  ><\/a><\/span><\/p>\n<\/div>\n<\/div>\n\n\n\n<p><\/p>\n","protected":false},"excerpt":{"rendered":"<p>El proyecto EXERCISES IN STYLE. Este libro es un canto a la imaginaci\u00f3n. Consiste en una est\u00fapida historia, trivial, anecd\u00f3tica, que poco inter\u00e9s puede suscitar&hellip;<\/p>\n","protected":false},"author":1,"featured_media":0,"parent":0,"menu_order":0,"comment_status":"closed","ping_status":"closed","template":"","meta":{"_glsr_average":0,"_glsr_ranking":0,"_glsr_reviews":0,"_uag_custom_page_level_css":""},"uagb_featured_image_src":{"full":false,"thumbnail":false,"medium":false,"medium_large":false,"large":false,"1536x1536":false,"2048x2048":false},"uagb_author_info":{"display_name":"Christian","author_link":"https:\/\/deepenglish.ddns.net\/wordpress\/index.php\/author\/admin\/"},"uagb_comment_info":0,"uagb_excerpt":"El proyecto EXERCISES IN STYLE. Este libro es un canto a la imaginaci\u00f3n. Consiste en una est\u00fapida historia, trivial, anecd\u00f3tica, que poco inter\u00e9s puede suscitar&hellip;","_links":{"self":[{"href":"https:\/\/deepenglish.ddns.net\/wordpress\/index.php\/wp-json\/wp\/v2\/pages\/262"}],"collection":[{"href":"https:\/\/deepenglish.ddns.net\/wordpress\/index.php\/wp-json\/wp\/v2\/pages"}],"about":[{"href":"https:\/\/deepenglish.ddns.net\/wordpress\/index.php\/wp-json\/wp\/v2\/types\/page"}],"author":[{"embeddable":true,"href":"https:\/\/deepenglish.ddns.net\/wordpress\/index.php\/wp-json\/wp\/v2\/users\/1"}],"replies":[{"embeddable":true,"href":"https:\/\/deepenglish.ddns.net\/wordpress\/index.php\/wp-json\/wp\/v2\/comments?post=262"}],"version-history":[{"count":6,"href":"https:\/\/deepenglish.ddns.net\/wordpress\/index.php\/wp-json\/wp\/v2\/pages\/262\/revisions"}],"predecessor-version":[{"id":1140,"href":"https:\/\/deepenglish.ddns.net\/wordpress\/index.php\/wp-json\/wp\/v2\/pages\/262\/revisions\/1140"}],"wp:attachment":[{"href":"https:\/\/deepenglish.ddns.net\/wordpress\/index.php\/wp-json\/wp\/v2\/media?parent=262"}],"curies":[{"name":"wp","href":"https:\/\/api.w.org\/{rel}","templated":true}]}}