{"id":79,"date":"2020-12-17T22:50:51","date_gmt":"2020-12-17T22:50:51","guid":{"rendered":"https:\/\/fortea.ddns.net\/wordpress\/?page_id=79"},"modified":"2022-09-19T10:19:39","modified_gmt":"2022-09-19T09:19:39","slug":"nosotros","status":"publish","type":"page","link":"https:\/\/deepenglish.ddns.net\/wordpress\/index.php\/nosotros\/","title":{"rendered":"Nosotros"},"content":{"rendered":"\n<div style=\"height:85px\" aria-hidden=\"true\" class=\"wp-block-spacer\"><\/div>\n\n\n\n<h3 class=\"has-text-align-center has-text-color\" style=\"color:#0b2444\"><strong>VANESSA PIEPER, FRANCISCO &amp; PAQUITO G\u00d3MEZ<\/strong><\/h3>\n\n\n\n<p class=\"has-text-align-justify\">Somos profesores que tenemos una larga trayectoria impartiendo clases de ingl\u00e9s a grupos de muy diversos niveles (edad, conocimientos previos, capacidad de aprendizaje, madurez). Desde hace seis a\u00f1os tenemos este proyecto en com\u00fan con el <strong><a class=\"ek-link\" href=\"https:\/\/www.ampaiesgrancapitan.org\/\">AMPA del IES Gran Capit\u00e1n<\/a><\/strong>. Y m\u00e1s reci\u00e9ntemente con los AMPAs del IES Ortega y Gasset, IES Cardenal Cisneros y CEIP Fern\u00e1ndez Morat\u00edn.<\/p>\n\n\n\n<p>A trav\u00e9s de nuestro m\u00e9todo, nuestros alumnos han alcanzado un alto nivel de competencia en el idioma ingl\u00e9s. La principal virtud de nuestro m\u00e9todo reside en un aprendizaje profundo, desde la esencia, del idioma ingl\u00e9s. Rechazamos la memorizaci\u00f3n o la ense\u00f1anza excesivamente ling\u00fc\u00edstica y abogamos por la adquisici\u00f3n de destrezas y por el estudio profundo del idioma (tanto oral como escrito).<\/p>\n\n\n\n<p>Dentro de este proyecto tenemos actividades que implican la adquisici\u00f3n de esas destrezas, actividades como la representaci\u00f3n de obras de teatro (en ingl\u00e9s, claro), de charlas en clase, de escritura de textos creativos, improvisaci\u00f3n teatral en ingl\u00e9s, an\u00e1lisis de textos, lectura de libros en ingl\u00e9s, an\u00e1lisis de series de televisi\u00f3n y pel\u00edculas, en fin, una exposici\u00f3n permanente al idioma. Ved la secci\u00f3n de <strong><span style=\"color:#0b2444\" class=\"has-inline-color\"><a href=\"https:\/\/fortea.ddns.net\/wordpress\/index.php\/metodologia\/\" data-type=\"URL\" data-id=\"https:\/\/fortea.ddns.net\/wordpress\/index.php\/metodologia\/\">Metodolog\u00eda<\/a><\/span><\/strong> para m\u00e1s informaci\u00f3n.<\/p>\n\n\n\n<p>\u200bEn verano hacemos un campamento donde se aplica todo lo anterior con intensidad y fuerza. Los resultados hasta ahora han sido espectaculares.<\/p>\n\n\n\n<p>\u200bEsperamos veros pronto y que disfrut\u00e9is del aprendizaje. S\u00ed, hab\u00e9is le\u00eddo bien: disfrutar. <\/p>\n\n\n\n<p>\u00a1Hasta pronto!<\/p>\n","protected":false},"excerpt":{"rendered":"<p>VANESSA PIEPER, FRANCISCO &amp; PAQUITO G\u00d3MEZ Somos profesores que tenemos una larga trayectoria impartiendo clases de ingl\u00e9s a grupos de muy diversos niveles (edad, conocimientos&hellip;<\/p>\n","protected":false},"author":1,"featured_media":0,"parent":0,"menu_order":0,"comment_status":"closed","ping_status":"closed","template":"","meta":{"_glsr_average":0,"_glsr_ranking":0,"_glsr_reviews":0,"_uag_custom_page_level_css":""},"uagb_featured_image_src":{"full":false,"thumbnail":false,"medium":false,"medium_large":false,"large":false,"1536x1536":false,"2048x2048":false},"uagb_author_info":{"display_name":"Christian","author_link":"https:\/\/deepenglish.ddns.net\/wordpress\/index.php\/author\/admin\/"},"uagb_comment_info":0,"uagb_excerpt":"VANESSA PIEPER, FRANCISCO &amp; PAQUITO G\u00d3MEZ Somos profesores que tenemos una larga trayectoria impartiendo clases de ingl\u00e9s a grupos de muy diversos niveles (edad, conocimientos&hellip;","_links":{"self":[{"href":"https:\/\/deepenglish.ddns.net\/wordpress\/index.php\/wp-json\/wp\/v2\/pages\/79"}],"collection":[{"href":"https:\/\/deepenglish.ddns.net\/wordpress\/index.php\/wp-json\/wp\/v2\/pages"}],"about":[{"href":"https:\/\/deepenglish.ddns.net\/wordpress\/index.php\/wp-json\/wp\/v2\/types\/page"}],"author":[{"embeddable":true,"href":"https:\/\/deepenglish.ddns.net\/wordpress\/index.php\/wp-json\/wp\/v2\/users\/1"}],"replies":[{"embeddable":true,"href":"https:\/\/deepenglish.ddns.net\/wordpress\/index.php\/wp-json\/wp\/v2\/comments?post=79"}],"version-history":[{"count":23,"href":"https:\/\/deepenglish.ddns.net\/wordpress\/index.php\/wp-json\/wp\/v2\/pages\/79\/revisions"}],"predecessor-version":[{"id":1445,"href":"https:\/\/deepenglish.ddns.net\/wordpress\/index.php\/wp-json\/wp\/v2\/pages\/79\/revisions\/1445"}],"wp:attachment":[{"href":"https:\/\/deepenglish.ddns.net\/wordpress\/index.php\/wp-json\/wp\/v2\/media?parent=79"}],"curies":[{"name":"wp","href":"https:\/\/api.w.org\/{rel}","templated":true}]}}