{"id":884,"date":"2021-08-26T12:55:46","date_gmt":"2021-08-26T11:55:46","guid":{"rendered":"https:\/\/fortea.ddns.net\/wordpress\/?page_id=884"},"modified":"2021-08-26T12:55:46","modified_gmt":"2021-08-26T11:55:46","slug":"clases-particulares","status":"publish","type":"page","link":"https:\/\/deepenglish.ddns.net\/wordpress\/index.php\/clases-particulares\/","title":{"rendered":"CLASES PARTICULARES:"},"content":{"rendered":"\n<h2><\/h2>\n\n\n\n<div style=\"height:54px\" aria-hidden=\"true\" class=\"wp-block-spacer\"><\/div>\n\n\n\n<h2 class=\"has-text-color\" style=\"color:#0b2444\">NUESTRAS CLASES PARTICULARES<\/h2>\n\n\n\n<div style=\"height:49px\" aria-hidden=\"true\" class=\"wp-block-spacer\"><\/div>\n\n\n\n<div class=\"wp-block-columns\">\n<div class=\"wp-block-column\">\n<figure class=\"wp-block-image size-full\"><img loading=\"lazy\" width=\"868\" height=\"488\" src=\"https:\/\/fortea.ddns.net\/wordpress\/wp-content\/uploads\/2021\/08\/Screen-Shot-2021-08-19-at-11.11.19.png\" alt=\"\" class=\"wp-image-886\" srcset=\"https:\/\/deepenglish.ddns.net\/wordpress\/wp-content\/uploads\/2021\/08\/Screen-Shot-2021-08-19-at-11.11.19.png 868w, https:\/\/deepenglish.ddns.net\/wordpress\/wp-content\/uploads\/2021\/08\/Screen-Shot-2021-08-19-at-11.11.19-600x337.png 600w, https:\/\/deepenglish.ddns.net\/wordpress\/wp-content\/uploads\/2021\/08\/Screen-Shot-2021-08-19-at-11.11.19-300x169.png 300w, https:\/\/deepenglish.ddns.net\/wordpress\/wp-content\/uploads\/2021\/08\/Screen-Shot-2021-08-19-at-11.11.19-768x432.png 768w\" sizes=\"(max-width: 868px) 100vw, 868px\" \/><\/figure>\n<\/div>\n\n\n\n<div class=\"wp-block-column\">\n<figure class=\"wp-block-image size-full\"><img loading=\"lazy\" width=\"814\" height=\"458\" src=\"https:\/\/fortea.ddns.net\/wordpress\/wp-content\/uploads\/2021\/08\/Screen-Shot-2021-08-19-at-11.10.32.png\" alt=\"\" class=\"wp-image-885\" srcset=\"https:\/\/deepenglish.ddns.net\/wordpress\/wp-content\/uploads\/2021\/08\/Screen-Shot-2021-08-19-at-11.10.32.png 814w, https:\/\/deepenglish.ddns.net\/wordpress\/wp-content\/uploads\/2021\/08\/Screen-Shot-2021-08-19-at-11.10.32-600x338.png 600w, https:\/\/deepenglish.ddns.net\/wordpress\/wp-content\/uploads\/2021\/08\/Screen-Shot-2021-08-19-at-11.10.32-300x169.png 300w, https:\/\/deepenglish.ddns.net\/wordpress\/wp-content\/uploads\/2021\/08\/Screen-Shot-2021-08-19-at-11.10.32-768x432.png 768w\" sizes=\"(max-width: 814px) 100vw, 814px\" \/><\/figure>\n<\/div>\n\n\n\n<div class=\"wp-block-column\">\n<figure class=\"wp-block-image size-full\"><img loading=\"lazy\" width=\"896\" height=\"504\" src=\"https:\/\/fortea.ddns.net\/wordpress\/wp-content\/uploads\/2021\/08\/Screen-Shot-2021-08-19-at-11.11.34.png\" alt=\"\" class=\"wp-image-887\" srcset=\"https:\/\/deepenglish.ddns.net\/wordpress\/wp-content\/uploads\/2021\/08\/Screen-Shot-2021-08-19-at-11.11.34.png 896w, https:\/\/deepenglish.ddns.net\/wordpress\/wp-content\/uploads\/2021\/08\/Screen-Shot-2021-08-19-at-11.11.34-600x338.png 600w, https:\/\/deepenglish.ddns.net\/wordpress\/wp-content\/uploads\/2021\/08\/Screen-Shot-2021-08-19-at-11.11.34-300x169.png 300w, https:\/\/deepenglish.ddns.net\/wordpress\/wp-content\/uploads\/2021\/08\/Screen-Shot-2021-08-19-at-11.11.34-768x432.png 768w\" sizes=\"(max-width: 896px) 100vw, 896px\" \/><\/figure>\n<\/div>\n<\/div>\n\n\n\n<p>En Deep English disponemos de clases particulares individuales. Son unas clases en que nuestros profesores se pueden centrar en los problemas espec\u00edficos de aprendizaje y de base del alumno.<\/p>\n\n\n\n<p>Ayudamos a preparar ex\u00e1menes del colegio o el instituto, pero nuestro objetivo es que nuestros alumnos aprendan un ingl\u00e9s real. Por tanto, siempre combinamos la preparaci\u00f3n de ex\u00e1menes con el aprendizaje significativo del idioma. En las clases particulares tambi\u00e9n trabajamos el aspecto emocional. Si se te atasc\u00f3 el ingl\u00e9s -por la raz\u00f3n que sea-, queremos entenderlo y generar en ti la motivaci\u00f3n intr\u00ednseca suficiente para que te conviertas en un aprendiente aut\u00f3nomo del ingl\u00e9s.<\/p>\n\n\n\n<p>Nuestro m\u00e9todo incluye deberes relevantes, que siempre persiguen la adquisici\u00f3n de conocimientos y de destrezas. Esp\u00e9rate muchas correcciones fruto de una constante evaluaci\u00f3n de tu ingl\u00e9s. Y en el caso de ingl\u00e9s profesional o preparaci\u00f3n de ex\u00e1menes las clases tienen un car\u00e1cter intensivo y se centran en las \u00e1reas m\u00e1s d\u00e9biles (t\u00edpicamente, la pronunciaci\u00f3n y la gram\u00e1tica).<\/p>\n\n\n\n<p>Si necesitas clases intensivas individuales, has llegado al sitio correcto.<\/p>\n\n\n\n<div class=\"wp-block-image\"><figure class=\"aligncenter size-full is-resized\"><img loading=\"lazy\" src=\"https:\/\/fortea.ddns.net\/wordpress\/wp-content\/uploads\/2021\/04\/onlyhead.png\" alt=\"\" class=\"wp-image-749\" width=\"55\" height=\"55\" srcset=\"https:\/\/deepenglish.ddns.net\/wordpress\/wp-content\/uploads\/2021\/04\/onlyhead.png 520w, https:\/\/deepenglish.ddns.net\/wordpress\/wp-content\/uploads\/2021\/04\/onlyhead-300x300.png 300w, https:\/\/deepenglish.ddns.net\/wordpress\/wp-content\/uploads\/2021\/04\/onlyhead-100x100.png 100w, https:\/\/deepenglish.ddns.net\/wordpress\/wp-content\/uploads\/2021\/04\/onlyhead-150x150.png 150w\" sizes=\"(max-width: 55px) 100vw, 55px\" \/><\/figure><\/div>\n\n\n\n<p class=\"has-text-align-center\"><strong>\u00a1\u00danete a Deep English!<\/strong><\/p>\n","protected":false},"excerpt":{"rendered":"<p>NUESTRAS CLASES PARTICULARES En Deep English disponemos de clases particulares individuales. Son unas clases en que nuestros profesores se pueden centrar en los problemas espec\u00edficos&hellip;<\/p>\n","protected":false},"author":1,"featured_media":0,"parent":0,"menu_order":0,"comment_status":"closed","ping_status":"closed","template":"","meta":{"_glsr_average":0,"_glsr_ranking":0,"_glsr_reviews":0,"_uag_custom_page_level_css":""},"uagb_featured_image_src":{"full":false,"thumbnail":false,"medium":false,"medium_large":false,"large":false,"1536x1536":false,"2048x2048":false},"uagb_author_info":{"display_name":"Christian","author_link":"https:\/\/deepenglish.ddns.net\/wordpress\/index.php\/author\/admin\/"},"uagb_comment_info":0,"uagb_excerpt":"NUESTRAS CLASES PARTICULARES En Deep English disponemos de clases particulares individuales. Son unas clases en que nuestros profesores se pueden centrar en los problemas espec\u00edficos&hellip;","_links":{"self":[{"href":"https:\/\/deepenglish.ddns.net\/wordpress\/index.php\/wp-json\/wp\/v2\/pages\/884"}],"collection":[{"href":"https:\/\/deepenglish.ddns.net\/wordpress\/index.php\/wp-json\/wp\/v2\/pages"}],"about":[{"href":"https:\/\/deepenglish.ddns.net\/wordpress\/index.php\/wp-json\/wp\/v2\/types\/page"}],"author":[{"embeddable":true,"href":"https:\/\/deepenglish.ddns.net\/wordpress\/index.php\/wp-json\/wp\/v2\/users\/1"}],"replies":[{"embeddable":true,"href":"https:\/\/deepenglish.ddns.net\/wordpress\/index.php\/wp-json\/wp\/v2\/comments?post=884"}],"version-history":[{"count":5,"href":"https:\/\/deepenglish.ddns.net\/wordpress\/index.php\/wp-json\/wp\/v2\/pages\/884\/revisions"}],"predecessor-version":[{"id":915,"href":"https:\/\/deepenglish.ddns.net\/wordpress\/index.php\/wp-json\/wp\/v2\/pages\/884\/revisions\/915"}],"wp:attachment":[{"href":"https:\/\/deepenglish.ddns.net\/wordpress\/index.php\/wp-json\/wp\/v2\/media?parent=884"}],"curies":[{"name":"wp","href":"https:\/\/api.w.org\/{rel}","templated":true}]}}